{"id":131148,"date":"2023-08-30T18:04:51","date_gmt":"2023-08-30T18:04:51","guid":{"rendered":"https:\/\/kroeck-disputes.com\/imprint\/"},"modified":"2026-01-03T11:26:30","modified_gmt":"2026-01-03T11:26:30","slug":"imprint","status":"publish","type":"page","link":"https:\/\/kroeck-disputes.com\/en\/imprint\/","title":{"rendered":"Imprint"},"content":{"rendered":"<div class=\"wpb-content-wrapper\"><p>[vc_row unlock_row_content=&#8221;yes&#8221; row_height_percent=&#8221;40&#8243; override_padding=&#8221;yes&#8221; h_padding=&#8221;4&#8243; top_padding=&#8221;3&#8243; bottom_padding=&#8221;3&#8243; back_color=&#8221;color-wayh&#8221; overlay_alpha=&#8221;50&#8243; gutter_size=&#8221;3&#8243; column_width_percent=&#8221;100&#8243; shift_y=&#8221;0&#8243; z_index=&#8221;0&#8243; top_divider=&#8221;gradient&#8221; enable_bottom_divider=&#8221;default&#8221; bottom_divider=&#8221;gradient&#8221; shape_bottom_h_use_pixel=&#8221;true&#8221; shape_bottom_height_percent=&#8221;30&#8243; shape_bottom_color=&#8221;color-nhtu&#8221; shape_bottom_opacity=&#8221;30&#8243; shape_bottom_index=&#8221;0&#8243; uncode_shortcode_id=&#8221;638128&#8243; back_color_type=&#8221;uncode-palette&#8221; shape_bottom_color_type=&#8221;uncode-palette&#8221;][vc_column column_width_percent=&#8221;100&#8243; position_vertical=&#8221;middle&#8221; align_horizontal=&#8221;align_center&#8221; gutter_size=&#8221;3&#8243; style=&#8221;dark&#8221; overlay_alpha=&#8221;50&#8243; shift_x=&#8221;0&#8243; shift_y=&#8221;0&#8243; shift_y_down=&#8221;0&#8243; z_index=&#8221;0&#8243; medium_width=&#8221;0&#8243; mobile_width=&#8221;0&#8243; width=&#8221;1\/1&#8243; uncode_shortcode_id=&#8221;150125&#8243;][vc_row_inner row_inner_height_percent=&#8221;0&#8243; overlay_alpha=&#8221;50&#8243; equal_height=&#8221;yes&#8221; gutter_size=&#8221;0&#8243; shift_y=&#8221;0&#8243; z_index=&#8221;0&#8243; uncode_shortcode_id=&#8221;157169&#8243; limit_content=&#8221;&#8221;][vc_column_inner column_width_percent=&#8221;100&#8243; position_horizontal=&#8221;left&#8221; position_vertical=&#8221;middle&#8221; gutter_size=&#8221;2&#8243; style=&#8221;dark&#8221; font_family=&#8221;font-846016&#8243; overlay_alpha=&#8221;50&#8243; shift_x=&#8221;0&#8243; shift_y=&#8221;0&#8243; shift_y_down=&#8221;0&#8243; z_index=&#8221;0&#8243; medium_width=&#8221;0&#8243; mobile_width=&#8221;0&#8243; width=&#8221;1\/1&#8243; uncode_shortcode_id=&#8221;117130&#8243;][vc_custom_heading heading_semantic=&#8221;h1&#8243; text_size=&#8221;fontsize-155944&#8243; text_transform=&#8221;uppercase&#8221; uncode_shortcode_id=&#8221;150097&#8243;]<span style=\"color: #d1ab6c;\">\u2014<\/span> Imprint[\/vc_custom_heading][\/vc_column_inner][\/vc_row_inner][\/vc_column][\/vc_row][vc_row unlock_row_content=&#8221;yes&#8221; row_height_percent=&#8221;0&#8243; override_padding=&#8221;yes&#8221; h_padding=&#8221;4&#8243; top_padding=&#8221;4&#8243; bottom_padding=&#8221;0&#8243; overlay_alpha=&#8221;50&#8243; equal_height=&#8221;yes&#8221; gutter_size=&#8221;0&#8243; column_width_percent=&#8221;100&#8243; shift_y=&#8221;0&#8243; z_index=&#8221;0&#8243; uncode_shortcode_id=&#8221;203143&#8243;][vc_column column_width_percent=&#8221;100&#8243; gutter_size=&#8221;3&#8243; overlay_alpha=&#8221;50&#8243; shift_x=&#8221;0&#8243; shift_y=&#8221;0&#8243; shift_y_down=&#8221;0&#8243; z_index=&#8221;0&#8243; medium_width=&#8221;0&#8243; mobile_width=&#8221;0&#8243; width=&#8221;1\/1&#8243; uncode_shortcode_id=&#8221;234386&#8243;][vc_custom_heading heading_semantic=&#8221;h3&#8243; text_size=&#8221;h3&#8243; text_transform=&#8221;uppercase&#8221; uncode_shortcode_id=&#8221;134006&#8243;]<span style=\"color: #d1ab6c;\">\u2014<\/span> Information according to Sec 5 German Digital Services Act and Sec 2 Service Information regulation[\/vc_custom_heading][vc_column_text text_lead=&#8221;yes&#8221; uncode_shortcode_id=&#8221;732887&#8243;]Kr\u00f6ck Sabel K\u00f6ppel Broichmann Dispute Resolution<br \/>\nPartnership of lawyers mbB<\/p>\n<p>F\u00dcNF H\u00d6FE<br \/>\nSalvatorstr. 3, 80333 Munich, Germany <\/p>\n<p>T <a href=\"tel:004989212311300\">+49 (0)89 212 311 300<\/a><br \/>\nF <a href=\"tel:004989212311399\">+49 (0)89 212 311 399<\/a><br \/>\nE <a href=\"mailto:info@kroeck-disputes.com\">info@kroeck-disputes.com<\/a>[\/vc_column_text][\/vc_column][\/vc_row][vc_row unlock_row_content=&#8221;yes&#8221; row_height_percent=&#8221;0&#8243; override_padding=&#8221;yes&#8221; h_padding=&#8221;4&#8243; top_padding=&#8221;3&#8243; bottom_padding=&#8221;0&#8243; overlay_alpha=&#8221;50&#8243; equal_height=&#8221;yes&#8221; gutter_size=&#8221;0&#8243; column_width_percent=&#8221;100&#8243; shift_y=&#8221;0&#8243; z_index=&#8221;0&#8243; uncode_shortcode_id=&#8221;211809&#8243;][vc_column column_width_percent=&#8221;100&#8243; gutter_size=&#8221;3&#8243; overlay_alpha=&#8221;50&#8243; shift_x=&#8221;0&#8243; shift_y=&#8221;0&#8243; shift_y_down=&#8221;0&#8243; z_index=&#8221;0&#8243; medium_width=&#8221;0&#8243; mobile_width=&#8221;0&#8243; width=&#8221;1\/1&#8243; uncode_shortcode_id=&#8221;314807&#8243;][vc_custom_heading heading_semantic=&#8221;h3&#8243; text_size=&#8221;h3&#8243; text_transform=&#8221;uppercase&#8221; uncode_shortcode_id=&#8221;836091&#8243;]<span style=\"color: #d1ab6c;\">\u2014 <\/span>Register Data[\/vc_custom_heading][vc_column_text text_lead=&#8221;yes&#8221; uncode_shortcode_id=&#8221;814066&#8243;]Kr\u00f6ck Sabel K\u00f6ppel Broichmann Dispute Resolution is a partnership firm with limited professional liability with its registered office in Munich, registered in the partnership register of the Local Court of Munich under PR 2383. Only the persons listed below are entitled to represent the partnership:<\/p>\n<p>&#8211; Dr Alexander Kr\u00f6ck, Lawyer<br \/>&#8211; Dr Carolin Sabel, Lawyer<br \/>&#8211; Nico K\u00f6ppel, LL.M., Lawyer<br \/>&#8211; Dr Alice Broichmann, Lawyer[\/vc_column_text][\/vc_column][\/vc_row][vc_row unlock_row_content=&#8221;yes&#8221; row_height_percent=&#8221;0&#8243; override_padding=&#8221;yes&#8221; h_padding=&#8221;4&#8243; top_padding=&#8221;3&#8243; bottom_padding=&#8221;0&#8243; overlay_alpha=&#8221;50&#8243; equal_height=&#8221;yes&#8221; gutter_size=&#8221;0&#8243; column_width_percent=&#8221;100&#8243; shift_y=&#8221;0&#8243; z_index=&#8221;0&#8243; uncode_shortcode_id=&#8221;193055&#8243;][vc_column column_width_percent=&#8221;100&#8243; gutter_size=&#8221;3&#8243; overlay_alpha=&#8221;50&#8243; shift_x=&#8221;0&#8243; shift_y=&#8221;0&#8243; shift_y_down=&#8221;0&#8243; z_index=&#8221;0&#8243; medium_width=&#8221;0&#8243; mobile_width=&#8221;0&#8243; width=&#8221;1\/1&#8243; uncode_shortcode_id=&#8221;147149&#8243;][vc_custom_heading heading_semantic=&#8221;h3&#8243; text_size=&#8221;h3&#8243; text_transform=&#8221;uppercase&#8221; uncode_shortcode_id=&#8221;189692&#8243;]<span style=\"color: #d1ab6c;\">\u2014 <\/span>VAT identification number[\/vc_custom_heading][vc_column_text text_lead=&#8221;yes&#8221; uncode_shortcode_id=&#8221;104702&#8243;]DE 363118463[\/vc_column_text][\/vc_column][\/vc_row][vc_row unlock_row_content=&#8221;yes&#8221; row_height_percent=&#8221;0&#8243; override_padding=&#8221;yes&#8221; h_padding=&#8221;4&#8243; top_padding=&#8221;3&#8243; bottom_padding=&#8221;0&#8243; overlay_alpha=&#8221;50&#8243; equal_height=&#8221;yes&#8221; gutter_size=&#8221;0&#8243; column_width_percent=&#8221;100&#8243; shift_y=&#8221;0&#8243; z_index=&#8221;0&#8243; uncode_shortcode_id=&#8221;169608&#8243;][vc_column column_width_percent=&#8221;100&#8243; gutter_size=&#8221;3&#8243; overlay_alpha=&#8221;50&#8243; shift_x=&#8221;0&#8243; shift_y=&#8221;0&#8243; shift_y_down=&#8221;0&#8243; z_index=&#8221;0&#8243; medium_width=&#8221;0&#8243; mobile_width=&#8221;0&#8243; width=&#8221;1\/1&#8243; uncode_shortcode_id=&#8221;175321&#8243;][vc_custom_heading heading_semantic=&#8221;h3&#8243; text_size=&#8221;h3&#8243; text_transform=&#8221;uppercase&#8221; uncode_shortcode_id=&#8221;165614&#8243;]<span style=\"color: #d1ab6c;\">\u2014 <\/span>Competent professional chamber[\/vc_custom_heading][vc_column_text text_lead=&#8221;yes&#8221; uncode_shortcode_id=&#8221;895132&#8243;]All lawyers of the firm are admitted to the bar in the Federal Republic of Germany and are members of the Munich Bar Association, Tal 33, 80331 Munich, Germany.[\/vc_column_text][\/vc_column][\/vc_row][vc_row unlock_row_content=&#8221;yes&#8221; row_height_percent=&#8221;0&#8243; override_padding=&#8221;yes&#8221; h_padding=&#8221;4&#8243; top_padding=&#8221;3&#8243; bottom_padding=&#8221;0&#8243; overlay_alpha=&#8221;50&#8243; equal_height=&#8221;yes&#8221; gutter_size=&#8221;0&#8243; column_width_percent=&#8221;100&#8243; shift_y=&#8221;0&#8243; z_index=&#8221;0&#8243; uncode_shortcode_id=&#8221;497805&#8243;][vc_column column_width_percent=&#8221;100&#8243; gutter_size=&#8221;3&#8243; overlay_alpha=&#8221;50&#8243; shift_x=&#8221;0&#8243; shift_y=&#8221;0&#8243; shift_y_down=&#8221;0&#8243; z_index=&#8221;0&#8243; medium_width=&#8221;0&#8243; mobile_width=&#8221;0&#8243; width=&#8221;1\/1&#8243; uncode_shortcode_id=&#8221;530707&#8243;][vc_custom_heading heading_semantic=&#8221;h3&#8243; text_size=&#8221;h3&#8243; text_transform=&#8221;uppercase&#8221; uncode_shortcode_id=&#8221;954060&#8243;]<span style=\"color: #d1ab6c;\">\u2014 <\/span>Professional legislation[\/vc_custom_heading][vc_column_text text_lead=&#8221;yes&#8221; uncode_shortcode_id=&#8221;879056&#8243;]- BRAO \u2013 Federal Code for the Legal Profession<br \/>\n&#8211; BORA \u2013 Professional Code for Lawyers<br \/>\n&#8211; RVG \u2013 Federal Act on the Remuneration of Lawyers<\/p>\n<p>Further information is available on the website of the Federal Bar Association at <a href=\"https:\/\/www.brak.de\/\" target=\"_blank\" rel=\"noopener\">www.brak.de<\/a>.[\/vc_column_text][\/vc_column][\/vc_row][vc_row unlock_row_content=&#8221;yes&#8221; row_height_percent=&#8221;0&#8243; override_padding=&#8221;yes&#8221; h_padding=&#8221;4&#8243; top_padding=&#8221;3&#8243; bottom_padding=&#8221;0&#8243; overlay_alpha=&#8221;50&#8243; equal_height=&#8221;yes&#8221; gutter_size=&#8221;0&#8243; column_width_percent=&#8221;100&#8243; shift_y=&#8221;0&#8243; z_index=&#8221;0&#8243; uncode_shortcode_id=&#8221;558555&#8243;][vc_column column_width_percent=&#8221;100&#8243; gutter_size=&#8221;3&#8243; overlay_alpha=&#8221;50&#8243; shift_x=&#8221;0&#8243; shift_y=&#8221;0&#8243; shift_y_down=&#8221;0&#8243; z_index=&#8221;0&#8243; medium_width=&#8221;0&#8243; mobile_width=&#8221;0&#8243; width=&#8221;1\/1&#8243; uncode_shortcode_id=&#8221;214710&#8243;][vc_custom_heading heading_semantic=&#8221;h3&#8243; text_size=&#8221;h3&#8243; text_transform=&#8221;uppercase&#8221; uncode_shortcode_id=&#8221;145592&#8243;]<span style=\"color: #d1ab6c;\">\u2014 <\/span>Professional liability insurance[\/vc_custom_heading][vc_column_text text_lead=&#8221;yes&#8221; uncode_shortcode_id=&#8221;105067&#8243;]<\/p>\n<p class=\"KWStandard\">The firm\u2019s professional liability insurance is provided by HDI Insurance AG, 30650 Hanover, Germany.<\/p>\n<p>The insurance applies to the entire EU territory and the states of the Agreement on the European Economic Area.<\/p>\n<p>[\/vc_column_text][\/vc_column][\/vc_row][vc_row unlock_row_content=&#8221;yes&#8221; row_height_percent=&#8221;0&#8243; override_padding=&#8221;yes&#8221; h_padding=&#8221;4&#8243; top_padding=&#8221;3&#8243; bottom_padding=&#8221;0&#8243; overlay_alpha=&#8221;50&#8243; equal_height=&#8221;yes&#8221; gutter_size=&#8221;0&#8243; column_width_percent=&#8221;100&#8243; shift_y=&#8221;0&#8243; z_index=&#8221;0&#8243; uncode_shortcode_id=&#8221;185174&#8243;][vc_column column_width_percent=&#8221;100&#8243; gutter_size=&#8221;3&#8243; overlay_alpha=&#8221;50&#8243; shift_x=&#8221;0&#8243; shift_y=&#8221;0&#8243; shift_y_down=&#8221;0&#8243; z_index=&#8221;0&#8243; medium_width=&#8221;0&#8243; mobile_width=&#8221;0&#8243; width=&#8221;1\/1&#8243; uncode_shortcode_id=&#8221;495549&#8243;][vc_custom_heading heading_semantic=&#8221;h3&#8243; text_size=&#8221;h3&#8243; text_transform=&#8221;uppercase&#8221; uncode_shortcode_id=&#8221;969589&#8243;]<span style=\"color: #d1ab6c;\">\u2014 <\/span>No liability for content and links[\/vc_custom_heading][vc_column_text text_lead=&#8221;yes&#8221; uncode_shortcode_id=&#8221;622448&#8243;]The website of Kr\u00f6ck Sabel K\u00f6ppel Broichmann Dispute Resolution contains a presentation of the law firm and general information on legal topics (hereinafter collectively \u201cContent\u201d).<\/p>\n<p>The Content represents the personal opinion of the author at the time stated in each case and is neither intended nor suitable for legal advice in individual cases. Legal contributions serve the purpose of discussion. They cannot provide comprehensive or conclusive information.<\/p>\n<p>The content may be accessed, downloaded, stored, and printed for private, non-commercial or exclusively in-house use, provided that all copyright (e.g. source references) and other proprietary notices relating to the content are retained unchanged. Any corporate physical or incorporeal exploitation requires the prior written consent of Kr\u00f6ck Sabel K\u00f6ppel Broichmann Dispute Resolution. This applies to all content regardless of the file format and to all forms of exploitation, in particular copying, distributing, and making available to the public.  This applies to all content regardless of the file format and to all forms of exploitation, in particular copying, distributing, and making available to the public.<\/p>\n<p>It is not permitted to read out the archive or other databases of these pages automatically or in any other way that is not based on the individual interest in the respective content for the purpose of storage.<\/p>\n<p>Insofar as reference is made to internet pages of third parties (hyperlinks), these pages do not represent the opinion or content of Kr\u00f6ck Sabel K\u00f6ppel Broichmann Dispute Resolution. The placement of links with reference to contents of Kr\u00f6ck Sabel K\u00f6ppel Broichmann Dispute Resolution requires consent, unless they are simple hyperlinks.[\/vc_column_text][\/vc_column][\/vc_row][vc_row unlock_row_content=&#8221;yes&#8221; row_height_percent=&#8221;0&#8243; override_padding=&#8221;yes&#8221; h_padding=&#8221;4&#8243; top_padding=&#8221;3&#8243; bottom_padding=&#8221;0&#8243; overlay_alpha=&#8221;50&#8243; equal_height=&#8221;yes&#8221; gutter_size=&#8221;0&#8243; column_width_percent=&#8221;100&#8243; shift_y=&#8221;0&#8243; z_index=&#8221;0&#8243; uncode_shortcode_id=&#8221;185174&#8243;][vc_column column_width_percent=&#8221;100&#8243; gutter_size=&#8221;3&#8243; overlay_alpha=&#8221;50&#8243; shift_x=&#8221;0&#8243; shift_y=&#8221;0&#8243; shift_y_down=&#8221;0&#8243; z_index=&#8221;0&#8243; medium_width=&#8221;0&#8243; mobile_width=&#8221;0&#8243; width=&#8221;1\/1&#8243; uncode_shortcode_id=&#8221;156653&#8243;][vc_custom_heading heading_semantic=&#8221;h3&#8243; text_size=&#8221;h3&#8243; text_transform=&#8221;uppercase&#8221; uncode_shortcode_id=&#8221;111350&#8243;]<span style=\"color: #d1ab6c;\">\u2014 <\/span>Alternative dispute resolution[\/vc_custom_heading][vc_column_text text_lead=&#8221;yes&#8221; uncode_shortcode_id=&#8221;204759&#8243;]In the event of disputes between lawyers and their clients, it is possible to apply for alternative dispute resolution with the regional Munich Bar Association (sec 73 para 2 no 3 in conjunction with sec 73 para 5 BRAO), or the conciliation committee for the legal profession (sec 191 f BRAO) of the Federal Bar Association, to be found on the internet via the homepage of the Federal Bar Association (<a href=\"https:\/\/www.brak.de\/\" target=\"_blank\" rel=\"noopener\">www.brak.de<\/a>), e-mail: <a href=\"mailto:schlichtungsstelle@s-d-r.org\">schlichtungsstelle@s-d-r.org<\/a>.[\/vc_column_text][\/vc_column][\/vc_row][vc_row unlock_row_content=&#8221;yes&#8221; row_height_percent=&#8221;0&#8243; override_padding=&#8221;yes&#8221; h_padding=&#8221;4&#8243; top_padding=&#8221;3&#8243; bottom_padding=&#8221;4&#8243; overlay_alpha=&#8221;50&#8243; equal_height=&#8221;yes&#8221; gutter_size=&#8221;0&#8243; column_width_percent=&#8221;100&#8243; shift_y=&#8221;0&#8243; z_index=&#8221;0&#8243; uncode_shortcode_id=&#8221;754394&#8243;][vc_column column_width_percent=&#8221;100&#8243; gutter_size=&#8221;3&#8243; overlay_alpha=&#8221;50&#8243; shift_x=&#8221;0&#8243; shift_y=&#8221;0&#8243; shift_y_down=&#8221;0&#8243; z_index=&#8221;0&#8243; medium_width=&#8221;0&#8243; mobile_width=&#8221;0&#8243; width=&#8221;1\/1&#8243; uncode_shortcode_id=&#8221;132537&#8243;][vc_custom_heading heading_semantic=&#8221;h3&#8243; text_size=&#8221;h3&#8243; text_transform=&#8221;uppercase&#8221; uncode_shortcode_id=&#8221;355041&#8243;]<span style=\"color: #d1ab6c;\">\u2014 <\/span>Webdesign, Development[\/vc_custom_heading][vc_column_text text_lead=&#8221;yes&#8221; uncode_shortcode_id=&#8221;223601&#8243;]<\/p>\n<p class=\"KWStandard\">Dominik Dirscherl<\/p>\n<p>[\/vc_column_text][\/vc_column][\/vc_row]<\/p>\n<\/div>","protected":false},"excerpt":{"rendered":"<p>[vc_row unlock_row_content=&#8221;yes&#8221; row_height_percent=&#8221;40&#8243; override_padding=&#8221;yes&#8221; h_padding=&#8221;4&#8243; top_padding=&#8221;3&#8243; bottom_padding=&#8221;3&#8243; back_color=&#8221;color-wayh&#8221; overlay_alpha=&#8221;50&#8243; gutter_size=&#8221;3&#8243; column_width_percent=&#8221;100&#8243; shift_y=&#8221;0&#8243; z_index=&#8221;0&#8243; top_divider=&#8221;gradient&#8221; enable_bottom_divider=&#8221;default&#8221; bottom_divider=&#8221;gradient&#8221; shape_bottom_h_use_pixel=&#8221;true&#8221; shape_bottom_height_percent=&#8221;30&#8243; shape_bottom_color=&#8221;color-nhtu&#8221; shape_bottom_opacity=&#8221;30&#8243; [&hellip;]<\/p>\n","protected":false},"author":2,"featured_media":0,"parent":0,"menu_order":0,"comment_status":"closed","ping_status":"closed","template":"","meta":{"footnotes":""},"class_list":["post-131148","page","type-page","status-publish","hentry"],"_links":{"self":[{"href":"https:\/\/kroeck-disputes.com\/en\/wp-json\/wp\/v2\/pages\/131148","targetHints":{"allow":["GET"]}}],"collection":[{"href":"https:\/\/kroeck-disputes.com\/en\/wp-json\/wp\/v2\/pages"}],"about":[{"href":"https:\/\/kroeck-disputes.com\/en\/wp-json\/wp\/v2\/types\/page"}],"author":[{"embeddable":true,"href":"https:\/\/kroeck-disputes.com\/en\/wp-json\/wp\/v2\/users\/2"}],"replies":[{"embeddable":true,"href":"https:\/\/kroeck-disputes.com\/en\/wp-json\/wp\/v2\/comments?post=131148"}],"version-history":[{"count":0,"href":"https:\/\/kroeck-disputes.com\/en\/wp-json\/wp\/v2\/pages\/131148\/revisions"}],"wp:attachment":[{"href":"https:\/\/kroeck-disputes.com\/en\/wp-json\/wp\/v2\/media?parent=131148"}],"curies":[{"name":"wp","href":"https:\/\/api.w.org\/{rel}","templated":true}]}}